{"id":199,"date":"2025-09-09T10:43:02","date_gmt":"2025-09-09T10:43:02","guid":{"rendered":"https:\/\/www.pitesa.es\/new\/?page_id=199"},"modified":"2025-10-23T15:27:41","modified_gmt":"2025-10-23T15:27:41","slug":"aviso-legal","status":"publish","type":"page","link":"https:\/\/www.pitesa.es\/pt\/aviso-legal\/","title":{"rendered":"Aviso legal"},"content":{"rendered":"<div data-elementor-type=\"wp-page\" data-elementor-id=\"199\" class=\"elementor elementor-199\" data-elementor-post-type=\"page\">\n\t\t\t\t<div class=\"elementor-element elementor-element-91c76ab e-flex e-con-boxed e-con e-parent\" data-id=\"91c76ab\" data-element_type=\"container\" data-e-type=\"container\">\n\t\t\t\t\t<div class=\"e-con-inner\">\n\t\t\t\t<div class=\"elementor-element elementor-element-c3b6136 elementor-widget elementor-widget-text-editor\" data-id=\"c3b6136\" data-element_type=\"widget\" data-e-type=\"widget\" data-widget_type=\"text-editor.default\">\n\t\t\t\t\t\t\t\t\t<p>Em conformidade com o artigo 10\u00ba da Lei 34\/2002, de 11 de julho, sobre Servi\u00e7os da Sociedade da Informa\u00e7\u00e3o e Com\u00e9rcio Eletr\u00f3nico (LSSICE), <strong>PITE S.A. <\/strong>(a seguir designado por \u201c<strong>PITESA<\/strong>\u201d), respons\u00e1vel por este website, disponibiliza esta informa\u00e7\u00e3o aos Utilizadores, de forma a definir os seus Termos de Utiliza\u00e7\u00e3o.<\/p><p>Para al\u00e9m dos conte\u00fados aqui expostos, os aspectos espec\u00edficos relacionados com a prote\u00e7\u00e3o de dados pessoais e a privacidade dos utilizadores deste s\u00edtio Web s\u00e3o desenvolvidos nas p\u00e1ginas Pol\u00edtica de Privacidade e Pol\u00edtica de Cookies.<\/p><p>Identidade do respons\u00e1vel pelo tratamento de dados<\/p><ul><li><strong>Nome da empresa: PITE S.A.<\/strong><\/li><li><strong>Nome comercial<\/strong>PITESA<\/li><li><strong>N\u00daMERO DE IVA<\/strong>: A47061262<\/li><li><strong>Sede social<\/strong>C\/ Pol\u00edgono Industrial La Vega 10, 47100, Tordesillas, Valladolid<\/li><li><strong>Telefone<\/strong>: 983 77 10 51<\/li><\/ul><ul><li><strong>correio eletr\u00f3nico<\/strong>: pitesa@pitesa.es<\/li><li><strong>Nome de dom\u00ednio<\/strong>: https:\/\/pitesa.es<\/li><\/ul><ul><li><strong>Registo do tratamento em conformidade com o RGPD:<\/strong> Parceiros\/fornecedores, listas de endere\u00e7os, parceiros\/colaboradores, recrutamento e utilizadores da Web<\/li><\/ul><p><strong>Objetivo do s\u00edtio Web<\/strong><\/p><p>O \u201c<strong>PITESA<\/strong>\u201dO objetivo da \"Pol\u00edtica de Prote\u00e7\u00e3o de Dados Pessoais\" \u00e9 informar os clientes sobre os seus produtos e\/ou servi\u00e7os, dados de contacto, localiza\u00e7\u00e3o, etc. Al\u00e9m disso, se for caso disso, ter\u00e1 tamb\u00e9m como objetivo divulgar informa\u00e7\u00f5es relacionadas com o sector de atividade do respons\u00e1vel.<\/p><p><strong>Quadro regulamentar<\/strong><\/p><p>A atividade deste s\u00edtio Web est\u00e1 sujeita ao quadro jur\u00eddico espanhol e europeu, nomeadamente \u00e0s seguintes normas:<\/p><ul><li>Regulamento Geral sobre a Prote\u00e7\u00e3o de Dados (RGPD) (UE) 2016\/679, de 27 de abril, que regula o tratamento de dados pessoais nos pa\u00edses da Uni\u00e3o Europeia.<\/li><li>Lei Org\u00e2nica 3\/2018, de 5 de dezembro, sobre a Prote\u00e7\u00e3o de Dados Pessoais e Garantia dos Direitos Digitais (LOPD e GDD), um regulamento regional (aplic\u00e1vel a Espanha), que define e amplia muitos dos conceitos e direitos presentes no RGPD.<\/li><li>Lei 34\/2002, de 11 de julho, de Servi\u00e7os da Sociedade da Informa\u00e7\u00e3o e Com\u00e9rcio Eletr\u00f3nico (LSSICE), normativa que afecta os s\u00edtios web que, de alguma forma, desenvolvem actividades econ\u00f3micas por meios electr\u00f3nicos, como \u00e9 o caso deste s\u00edtio web.<\/li><\/ul><p><strong>Condi\u00e7\u00f5es de utiliza\u00e7\u00e3o e responsabilidades<\/strong><\/p><p>Qualquer pessoa que aceda a este site assume a qualidade de Utilizador, comprometendo-se a observar e a cumprir rigorosamente as condi\u00e7\u00f5es aqui estabelecidas, bem como qualquer outra disposi\u00e7\u00e3o legal que seja aplic\u00e1vel. \u201c<strong>PITESA<\/strong>\u201dn\u00e3o ser\u00e1 respons\u00e1vel por quaisquer danos, para si ou para terceiros, causados pela utiliza\u00e7\u00e3o indevida deste s\u00edtio Web pelo Utilizador.<\/p><p>Por conseguinte, o conte\u00fado deste s\u00edtio Web n\u00e3o pode ser considerado, em caso algum, como um substituto do aconselhamento jur\u00eddico.<\/p><p>\u201c<strong>PITESA<\/strong>\u201dreserva-se o direito de modificar qualquer tipo de informa\u00e7\u00e3o que possa aparecer no s\u00edtio Web, em qualquer momento e sem aviso pr\u00e9vio, sem que exista qualquer obriga\u00e7\u00e3o de aviso pr\u00e9vio ou de informa\u00e7\u00e3o aos Utilizadores sobre tais obriga\u00e7\u00f5es, entendendo-se como suficiente a publica\u00e7\u00e3o neste s\u00edtio Web.<\/p><p>Este s\u00edtio Web foi verificado e testado para garantir o seu correto funcionamento sem interrup\u00e7\u00f5es. No entanto, \u201c<strong>PITESA<\/strong>\u201d n\u00e3o exclui a possibilidade da exist\u00eancia de determinados erros de programa\u00e7\u00e3o, de indisponibilidades ocasionais (por exemplo, falhas do servidor ou manuten\u00e7\u00e3o do servidor) ou da ocorr\u00eancia de casos de for\u00e7a maior, cat\u00e1strofes naturais, greves ou circunst\u00e2ncias semelhantes que impossibilitem o acesso tempor\u00e1rio ao s\u00edtio Web. Do mesmo modo, \u201c<strong>PITESA<\/strong>\u201dn\u00e3o pode garantir o funcionamento ininterrupto ou totalmente isento de erros deste s\u00edtio Web, nem pode ser responsabilizada por v\u00edrus provenientes de uma transmiss\u00e3o telem\u00e1tica infiltrada por terceiros gerada com o objetivo de obter resultados negativos para um sistema inform\u00e1tico.<\/p><p>O Utilizador compromete-se a n\u00e3o utilizar este s\u00edtio Web ou, se for o caso, os servi\u00e7os ou produtos nele oferecidos, para realizar actividades contr\u00e1rias \u00e0 lei, \u00e0 ordem p\u00fablica ou \u00e0s presentes condi\u00e7\u00f5es de utiliza\u00e7\u00e3o. Por conseguinte, \u201c<strong>PITESA<\/strong>\u201dA \u201cLSSI-CE\" n\u00e3o \u00e9 respons\u00e1vel pelas informa\u00e7\u00f5es e conte\u00fados armazenados, nomeadamente, mas n\u00e3o exclusivamente, em f\u00f3runs, salas de conversa\u00e7\u00e3o, geradores de blogues, coment\u00e1rios, redes sociais ou qualquer outro meio que permita a publica\u00e7\u00e3o de conte\u00fados por terceiros. No entanto, e em conformidade com o disposto nos artigos 11\u00ba e 16\u00ba da LSSI-CE, a \"LSSI-CE\" n\u00e3o \u00e9 respons\u00e1vel pelo conte\u00fado do s\u00edtio Web.\u201c<strong>PITESA<\/strong>\u201dest\u00e1 \u00e0 disposi\u00e7\u00e3o de todos os Utilizadores, autoridades e for\u00e7as de seguran\u00e7a, colaborando ativamente na elimina\u00e7\u00e3o ou bloqueio de todos os conte\u00fados que possam afetar ou infringir a legisla\u00e7\u00e3o nacional ou internacional, os direitos de terceiros, ou a moral e a ordem p\u00fablica. No caso de um Utilizador considerar que existe algum conte\u00fado no s\u00edtio Web que possa ser suscet\u00edvel de ser classificado como tal, deve informar imediatamente o nosso pessoal.<\/p><p>\u201c<strong>PITESA<\/strong>\u201dreserva-se o direito de recusar ou retirar o acesso ao s\u00edtio Web sem aviso pr\u00e9vio, a seu pedido ou a pedido de um terceiro, aos Utilizadores que n\u00e3o cumpram as nossas Condi\u00e7\u00f5es de Utiliza\u00e7\u00e3o.<\/p><p><strong>Propriedade intelectual<\/strong><\/p><p>O s\u00edtio Web, incluindo mas n\u00e3o se limitando \u00e0 sua programa\u00e7\u00e3o, edi\u00e7\u00e3o, compila\u00e7\u00e3o e outros elementos necess\u00e1rios ao seu funcionamento, os desenhos, log\u00f3tipos, textos e\/ou gr\u00e1ficos s\u00e3o propriedade da \u201c.\u201c<strong>PITESA<\/strong>\u201dou, se for caso disso, disp\u00f5e de uma licen\u00e7a ou autoriza\u00e7\u00e3o expressa dos autores.<\/p><p>Todos os conte\u00fados do s\u00edtio Web est\u00e3o devidamente protegidos pelas normas de propriedade intelectual e industrial, bem como inscritos nos registos p\u00fablicos correspondentes, n\u00e3o sendo permitida a reprodu\u00e7\u00e3o e\/ou publica\u00e7\u00e3o, total ou parcial, do s\u00edtio Web, o seu tratamento inform\u00e1tico, distribui\u00e7\u00e3o, difus\u00e3o, modifica\u00e7\u00e3o ou transforma\u00e7\u00e3o sem a autoriza\u00e7\u00e3o pr\u00e9via e por escrito do mesmo. \u201c<strong>PITESA<\/strong>\u201dO \"C.A.R.E.\" zelar\u00e1 pelo cumprimento das condi\u00e7\u00f5es anteriores, bem como pela correta utiliza\u00e7\u00e3o dos conte\u00fados apresentados nas suas p\u00e1ginas web, exercendo todas as ac\u00e7\u00f5es civis e penais que lhe correspondam em caso de infra\u00e7\u00e3o ou incumprimento destes direitos por parte do Utilizador.<\/p><p>Os desenhos, log\u00f3tipos, textos e\/ou gr\u00e1ficos fora de \u201c.\u201c<strong>PITESA<\/strong>\u201d e que possam aparecer no s\u00edtio Web, pertencem aos seus respectivos propriet\u00e1rios, que s\u00e3o eles pr\u00f3prios respons\u00e1veis por qualquer eventual controv\u00e9rsia que possa surgir relativamente aos mesmos. Em qualquer caso, \u201c<strong>PITESA<\/strong>\u201dO \u201ctem a autoriza\u00e7\u00e3o expressa e pr\u00e9via deste \u00faltimo. \"<strong>PITESA<\/strong>\u201d reconhece a favor dos seus titulares os correspondentes direitos de propriedade industrial e intelectual, e a simples men\u00e7\u00e3o ou apari\u00e7\u00e3o no s\u00edtio Web n\u00e3o implica a exist\u00eancia de quaisquer direitos ou responsabilidade do respons\u00e1vel pelo mesmo, nem qualquer aval, patroc\u00ednio ou recomenda\u00e7\u00e3o por parte deste \u00faltimo.<\/p><p><strong>Liga\u00e7\u00f5es de terceiros<\/strong><\/p><p>\u201c<strong>PITESA<\/strong>\u201dpode colocar \u00e0 disposi\u00e7\u00e3o do Utilizador links ou outros elementos que permitam o acesso a outros sites pertencentes a terceiros. N\u00e3o comercializamos os produtos e\/ou servi\u00e7os dessas p\u00e1ginas ligadas, nem assumimos qualquer responsabilidade por eles, nem pelas informa\u00e7\u00f5es nelas contidas, nem pela sua veracidade ou legalidade, nem por quaisquer efeitos que delas possam derivar.<\/p><p>Em todo o caso, \u201c<strong>PITESA<\/strong>\u201ddeclara que remover\u00e1 imediatamente qualquer conte\u00fado que possa violar a legisla\u00e7\u00e3o nacional ou internacional, a moral ou a ordem p\u00fablica, procedendo \u00e0 retirada imediata do redireccionamento para o referido s\u00edtio Web, informando as autoridades competentes do conte\u00fado em quest\u00e3o.<\/p><p><strong>Lei aplic\u00e1vel e jurisdi\u00e7\u00e3o<\/strong><\/p><p>A l\u00edngua de reda\u00e7\u00e3o e interpreta\u00e7\u00e3o do presente aviso legal \u00e9 o espanhol.<\/p><p>A rela\u00e7\u00e3o entre \u201c<strong>PITESA<\/strong>\u201d e o Utilizador regem-se em todos e cada um dos seus aspectos pela lei espanhola, \u00e0 qual ambas as partes se submetem expressamente em caso de qualquer lit\u00edgio ou quest\u00e3o relacionada com este s\u00edtio Web ou com as actividades nele desenvolvidas. Por sua vez, no caso de o utilizador estar domiciliado fora de Espanha, \u201c<strong>PITESA<\/strong>\u201d e o Utilizador aceitam submeter-se, com ren\u00fancia expressa a qualquer outro foro, aos Julgados e Tribunais competentes de Espanha.<\/p>\t\t\t\t\t\t\t\t<\/div>\n\t\t\t\t\t<\/div>\n\t\t\t\t<\/div>\n\t\t\t\t<\/div>","protected":false},"excerpt":{"rendered":"<p>En cumplimiento del art\u00edculo 10 de la Ley 34\/2002, de 11 de julio, de Servicios de la Sociedad de la Informaci\u00f3n y del Comercio Electr\u00f3nico (LSSICE), PITE S.A. (en adelante, \u201cPITESA\u201d), responsable de esta web, pone a disposici\u00f3n de los Usuarios la presente informaci\u00f3n, para definir sus Condiciones de Uso. Adicionalmente a los contenidos aqu\u00ed [&hellip;]<\/p>\n","protected":false},"author":1,"featured_media":0,"parent":0,"menu_order":0,"comment_status":"closed","ping_status":"closed","template":"","meta":{"footnotes":""},"class_list":["post-199","page","type-page","status-publish","hentry"],"yoast_head":"<!-- This site is optimized with the Yoast SEO plugin v27.4 - https:\/\/yoast.com\/product\/yoast-seo-wordpress\/ -->\n<title>Aviso legal - PITESA<\/title>\n<meta name=\"robots\" content=\"index, follow, max-snippet:-1, max-image-preview:large, max-video-preview:-1\" \/>\n<link rel=\"canonical\" href=\"https:\/\/www.pitesa.es\/pt\/aviso-legal\/\" \/>\n<meta property=\"og:locale\" content=\"pt_PT\" \/>\n<meta property=\"og:type\" content=\"article\" \/>\n<meta property=\"og:title\" content=\"Aviso legal - PITESA\" \/>\n<meta property=\"og:description\" content=\"En cumplimiento del art\u00edculo 10 de la Ley 34\/2002, de 11 de julio, de Servicios de la Sociedad de la Informaci\u00f3n y del Comercio Electr\u00f3nico (LSSICE), PITE S.A. (en adelante, \u201cPITESA\u201d), responsable de esta web, pone a disposici\u00f3n de los Usuarios la presente informaci\u00f3n, para definir sus Condiciones de Uso. Adicionalmente a los contenidos aqu\u00ed [&hellip;]\" \/>\n<meta property=\"og:url\" content=\"https:\/\/www.pitesa.es\/pt\/aviso-legal\/\" \/>\n<meta property=\"og:site_name\" content=\"PITESA\" \/>\n<meta property=\"article:modified_time\" content=\"2025-10-23T15:27:41+00:00\" \/>\n<meta name=\"twitter:card\" content=\"summary_large_image\" \/>\n<meta name=\"twitter:label1\" content=\"Tempo estimado de leitura\" \/>\n\t<meta name=\"twitter:data1\" content=\"7 minutos\" \/>\n<script type=\"application\/ld+json\" class=\"yoast-schema-graph\">{\"@context\":\"https:\\\/\\\/schema.org\",\"@graph\":[{\"@type\":\"WebPage\",\"@id\":\"https:\\\/\\\/www.pitesa.es\\\/aviso-legal\\\/\",\"url\":\"https:\\\/\\\/www.pitesa.es\\\/aviso-legal\\\/\",\"name\":\"Aviso legal - PITESA\",\"isPartOf\":{\"@id\":\"https:\\\/\\\/www.pitesa.es\\\/#website\"},\"datePublished\":\"2025-09-09T10:43:02+00:00\",\"dateModified\":\"2025-10-23T15:27:41+00:00\",\"breadcrumb\":{\"@id\":\"https:\\\/\\\/www.pitesa.es\\\/aviso-legal\\\/#breadcrumb\"},\"inLanguage\":\"pt-PT\",\"potentialAction\":[{\"@type\":\"ReadAction\",\"target\":[\"https:\\\/\\\/www.pitesa.es\\\/aviso-legal\\\/\"]}]},{\"@type\":\"BreadcrumbList\",\"@id\":\"https:\\\/\\\/www.pitesa.es\\\/aviso-legal\\\/#breadcrumb\",\"itemListElement\":[{\"@type\":\"ListItem\",\"position\":1,\"name\":\"Portada\",\"item\":\"https:\\\/\\\/www.pitesa.es\\\/\"},{\"@type\":\"ListItem\",\"position\":2,\"name\":\"Aviso legal\"}]},{\"@type\":\"WebSite\",\"@id\":\"https:\\\/\\\/www.pitesa.es\\\/#website\",\"url\":\"https:\\\/\\\/www.pitesa.es\\\/\",\"name\":\"PITESA\",\"description\":\"Especialistas en Agroalimentaci\u00f3n\",\"publisher\":{\"@id\":\"https:\\\/\\\/www.pitesa.es\\\/#organization\"},\"potentialAction\":[{\"@type\":\"SearchAction\",\"target\":{\"@type\":\"EntryPoint\",\"urlTemplate\":\"https:\\\/\\\/www.pitesa.es\\\/?s={search_term_string}\"},\"query-input\":{\"@type\":\"PropertyValueSpecification\",\"valueRequired\":true,\"valueName\":\"search_term_string\"}}],\"inLanguage\":\"pt-PT\"},{\"@type\":\"Organization\",\"@id\":\"https:\\\/\\\/www.pitesa.es\\\/#organization\",\"name\":\"PITESA\",\"url\":\"https:\\\/\\\/www.pitesa.es\\\/\",\"logo\":{\"@type\":\"ImageObject\",\"inLanguage\":\"pt-PT\",\"@id\":\"https:\\\/\\\/www.pitesa.es\\\/#\\\/schema\\\/logo\\\/image\\\/\",\"url\":\"https:\\\/\\\/www.pitesa.es\\\/wp-content\\\/uploads\\\/2025\\\/11\\\/logo-pitesa-h-c@2x-scaled.png\",\"contentUrl\":\"https:\\\/\\\/www.pitesa.es\\\/wp-content\\\/uploads\\\/2025\\\/11\\\/logo-pitesa-h-c@2x-scaled.png\",\"width\":2560,\"height\":765,\"caption\":\"PITESA\"},\"image\":{\"@id\":\"https:\\\/\\\/www.pitesa.es\\\/#\\\/schema\\\/logo\\\/image\\\/\"}}]}<\/script>\n<!-- \/ Yoast SEO plugin. -->","yoast_head_json":{"title":"Aviso legal - PITESA","robots":{"index":"index","follow":"follow","max-snippet":"max-snippet:-1","max-image-preview":"max-image-preview:large","max-video-preview":"max-video-preview:-1"},"canonical":"https:\/\/www.pitesa.es\/pt\/aviso-legal\/","og_locale":"pt_PT","og_type":"article","og_title":"Aviso legal - PITESA","og_description":"En cumplimiento del art\u00edculo 10 de la Ley 34\/2002, de 11 de julio, de Servicios de la Sociedad de la Informaci\u00f3n y del Comercio Electr\u00f3nico (LSSICE), PITE S.A. (en adelante, \u201cPITESA\u201d), responsable de esta web, pone a disposici\u00f3n de los Usuarios la presente informaci\u00f3n, para definir sus Condiciones de Uso. Adicionalmente a los contenidos aqu\u00ed [&hellip;]","og_url":"https:\/\/www.pitesa.es\/pt\/aviso-legal\/","og_site_name":"PITESA","article_modified_time":"2025-10-23T15:27:41+00:00","twitter_card":"summary_large_image","twitter_misc":{"Tempo estimado de leitura":"7 minutos"},"schema":{"@context":"https:\/\/schema.org","@graph":[{"@type":"WebPage","@id":"https:\/\/www.pitesa.es\/aviso-legal\/","url":"https:\/\/www.pitesa.es\/aviso-legal\/","name":"Aviso legal - PITESA","isPartOf":{"@id":"https:\/\/www.pitesa.es\/#website"},"datePublished":"2025-09-09T10:43:02+00:00","dateModified":"2025-10-23T15:27:41+00:00","breadcrumb":{"@id":"https:\/\/www.pitesa.es\/aviso-legal\/#breadcrumb"},"inLanguage":"pt-PT","potentialAction":[{"@type":"ReadAction","target":["https:\/\/www.pitesa.es\/aviso-legal\/"]}]},{"@type":"BreadcrumbList","@id":"https:\/\/www.pitesa.es\/aviso-legal\/#breadcrumb","itemListElement":[{"@type":"ListItem","position":1,"name":"Portada","item":"https:\/\/www.pitesa.es\/"},{"@type":"ListItem","position":2,"name":"Aviso legal"}]},{"@type":"WebSite","@id":"https:\/\/www.pitesa.es\/#website","url":"https:\/\/www.pitesa.es\/","name":"PITESA","description":"Especialistas em agroalimentar","publisher":{"@id":"https:\/\/www.pitesa.es\/#organization"},"potentialAction":[{"@type":"SearchAction","target":{"@type":"EntryPoint","urlTemplate":"https:\/\/www.pitesa.es\/?s={search_term_string}"},"query-input":{"@type":"PropertyValueSpecification","valueRequired":true,"valueName":"search_term_string"}}],"inLanguage":"pt-PT"},{"@type":"Organization","@id":"https:\/\/www.pitesa.es\/#organization","name":"PITESA","url":"https:\/\/www.pitesa.es\/","logo":{"@type":"ImageObject","inLanguage":"pt-PT","@id":"https:\/\/www.pitesa.es\/#\/schema\/logo\/image\/","url":"https:\/\/www.pitesa.es\/wp-content\/uploads\/2025\/11\/logo-pitesa-h-c@2x-scaled.png","contentUrl":"https:\/\/www.pitesa.es\/wp-content\/uploads\/2025\/11\/logo-pitesa-h-c@2x-scaled.png","width":2560,"height":765,"caption":"PITESA"},"image":{"@id":"https:\/\/www.pitesa.es\/#\/schema\/logo\/image\/"}}]}},"_links":{"self":[{"href":"https:\/\/www.pitesa.es\/pt\/wp-json\/wp\/v2\/pages\/199","targetHints":{"allow":["GET"]}}],"collection":[{"href":"https:\/\/www.pitesa.es\/pt\/wp-json\/wp\/v2\/pages"}],"about":[{"href":"https:\/\/www.pitesa.es\/pt\/wp-json\/wp\/v2\/types\/page"}],"author":[{"embeddable":true,"href":"https:\/\/www.pitesa.es\/pt\/wp-json\/wp\/v2\/users\/1"}],"replies":[{"embeddable":true,"href":"https:\/\/www.pitesa.es\/pt\/wp-json\/wp\/v2\/comments?post=199"}],"version-history":[{"count":10,"href":"https:\/\/www.pitesa.es\/pt\/wp-json\/wp\/v2\/pages\/199\/revisions"}],"predecessor-version":[{"id":602,"href":"https:\/\/www.pitesa.es\/pt\/wp-json\/wp\/v2\/pages\/199\/revisions\/602"}],"wp:attachment":[{"href":"https:\/\/www.pitesa.es\/pt\/wp-json\/wp\/v2\/media?parent=199"}],"curies":[{"name":"wp","href":"https:\/\/api.w.org\/{rel}","templated":true}]}}