{"id":173,"date":"2025-09-09T10:36:48","date_gmt":"2025-09-09T10:36:48","guid":{"rendered":"https:\/\/www.pitesa.es\/new\/?page_id=173"},"modified":"2025-11-29T09:12:40","modified_gmt":"2025-11-29T09:12:40","slug":"contacto","status":"publish","type":"page","link":"https:\/\/www.pitesa.es\/pt\/contacto\/","title":{"rendered":"Contacto"},"content":{"rendered":"\t\t<div data-elementor-type=\"wp-page\" data-elementor-id=\"173\" class=\"elementor elementor-173\" data-elementor-post-type=\"page\">\n\t\t\t\t<div class=\"elementor-element elementor-element-6bcf0c14 e-flex e-con-boxed e-con e-parent\" data-id=\"6bcf0c14\" data-element_type=\"container\" data-e-type=\"container\">\n\t\t\t\t\t<div class=\"e-con-inner\">\n\t\t<div class=\"elementor-element elementor-element-2b00084e e-con-full e-flex e-con e-child\" data-id=\"2b00084e\" data-element_type=\"container\" data-e-type=\"container\">\n\t\t\t\t<div class=\"elementor-element elementor-element-f143d44 animated-slow elementor-invisible elementor-widget elementor-widget-heading\" data-id=\"f143d44\" data-element_type=\"widget\" data-e-type=\"widget\" data-settings=\"{&quot;_animation&quot;:&quot;fadeIn&quot;}\" data-widget_type=\"heading.default\">\n\t\t\t\t\t<p class=\"elementor-heading-title elementor-size-default\">Contacto<\/p>\t\t\t\t<\/div>\n\t\t\t\t<div class=\"elementor-element elementor-element-7a9dd38 animated-slow elementor-widget-divider--view-line elementor-invisible elementor-widget elementor-widget-divider\" data-id=\"7a9dd38\" data-element_type=\"widget\" data-e-type=\"widget\" data-settings=\"{&quot;_animation&quot;:&quot;fadeIn&quot;,&quot;_animation_delay&quot;:200}\" data-widget_type=\"divider.default\">\n\t\t\t\t\t\t\t<div class=\"elementor-divider\">\n\t\t\t<span class=\"elementor-divider-separator\">\n\t\t\t\t\t\t<\/span>\n\t\t<\/div>\n\t\t\t\t\t\t<\/div>\n\t\t\t\t<div class=\"elementor-element elementor-element-8197ea0 elementor-widget__width-initial animated-slow elementor-invisible elementor-widget elementor-widget-heading\" data-id=\"8197ea0\" data-element_type=\"widget\" data-e-type=\"widget\" data-settings=\"{&quot;_animation&quot;:&quot;fadeIn&quot;,&quot;_animation_delay&quot;:200}\" data-widget_type=\"heading.default\">\n\t\t\t\t\t<h1 class=\"elementor-heading-title elementor-size-default\">Escr\u00edbenos o ll\u00e1manos<\/h1>\t\t\t\t<\/div>\n\t\t\t\t<div class=\"elementor-element elementor-element-3bd7407d elementor-widget elementor-widget-text-editor\" data-id=\"3bd7407d\" data-element_type=\"widget\" data-e-type=\"widget\" data-widget_type=\"text-editor.default\">\n\t\t\t\t\t\t\t\t\t<p>Si necesitas m\u00e1s informaci\u00f3n sobre nuestros servicios o productos no dudes en ponerte en contacto con nosotros.<\/p>\t\t\t\t\t\t\t\t<\/div>\n\t\t\t\t<div class=\"elementor-element elementor-element-c14aa0d elementor-button-align-stretch elementor-widget elementor-widget-form\" data-id=\"c14aa0d\" data-element_type=\"widget\" data-e-type=\"widget\" data-settings=\"{&quot;step_next_label&quot;:&quot;Siguiente&quot;,&quot;step_previous_label&quot;:&quot;Anterior&quot;,&quot;button_width&quot;:&quot;100&quot;,&quot;step_type&quot;:&quot;number_text&quot;,&quot;step_icon_shape&quot;:&quot;circle&quot;}\" data-widget_type=\"form.default\">\n\t\t\t\t\t\t\t<form class=\"elementor-form\" method=\"post\" name=\"Nuevo formulario\" aria-label=\"Nuevo formulario\">\n\t\t\t<input type=\"hidden\" name=\"post_id\" value=\"173\"\/>\n\t\t\t<input type=\"hidden\" name=\"form_id\" value=\"c14aa0d\"\/>\n\t\t\t<input type=\"hidden\" name=\"referer_title\" value=\"Contacto - PITESA\" \/>\n\n\t\t\t\t\t\t\t<input type=\"hidden\" name=\"queried_id\" value=\"173\"\/>\n\t\t\t\n\t\t\t<div class=\"elementor-form-fields-wrapper elementor-labels-above\">\n\t\t\t\t\t\t\t\t<div class=\"elementor-field-type-text elementor-field-group elementor-column elementor-field-group-field_f9c164a elementor-col-66 elementor-field-required elementor-mark-required\">\n\t\t\t\t\t\t\t\t\t\t\t\t<label for=\"form-field-field_f9c164a\" class=\"elementor-field-label\">\n\t\t\t\t\t\t\t\tNombre\t\t\t\t\t\t\t<\/label>\n\t\t\t\t\t\t\t\t\t\t\t\t\t\t<input size=\"1\" type=\"text\" name=\"form_fields[field_f9c164a]\" id=\"form-field-field_f9c164a\" class=\"elementor-field elementor-size-sm  elementor-field-textual\" placeholder=\"Nombre\" required=\"required\">\n\t\t\t\t\t\t\t\t\t\t\t<\/div>\n\t\t\t\t\t\t\t\t<div class=\"elementor-field-type-tel elementor-field-group elementor-column elementor-field-group-name elementor-col-33 elementor-field-required elementor-mark-required\">\n\t\t\t\t\t\t\t\t\t\t\t\t<label for=\"form-field-name\" class=\"elementor-field-label\">\n\t\t\t\t\t\t\t\tTel\u00e9fono\t\t\t\t\t\t\t<\/label>\n\t\t\t\t\t\t\t\t<input size=\"1\" type=\"tel\" name=\"form_fields[name]\" id=\"form-field-name\" class=\"elementor-field elementor-size-sm  elementor-field-textual\" placeholder=\"Tel\u00e9fono\" required=\"required\" pattern=\"[0-9()#&amp;+*-=.]+\" title=\"Solo se aceptan n\u00fameros y caracteres de tel\u00e9fono (#,-,*,etc).\">\n\n\t\t\t\t\t\t<\/div>\n\t\t\t\t\t\t\t\t<div class=\"elementor-field-type-text elementor-field-group elementor-column elementor-field-group-field_212de4f elementor-col-100\">\n\t\t\t\t\t\t\t\t\t\t\t\t<label for=\"form-field-field_212de4f\" class=\"elementor-field-label\">\n\t\t\t\t\t\t\t\tEmpresa\t\t\t\t\t\t\t<\/label>\n\t\t\t\t\t\t\t\t\t\t\t\t\t\t<input size=\"1\" type=\"text\" name=\"form_fields[field_212de4f]\" id=\"form-field-field_212de4f\" class=\"elementor-field elementor-size-sm  elementor-field-textual\" placeholder=\"Empresa\">\n\t\t\t\t\t\t\t\t\t\t\t<\/div>\n\t\t\t\t\t\t\t\t<div class=\"elementor-field-type-email elementor-field-group elementor-column elementor-field-group-email elementor-col-100 elementor-field-required elementor-mark-required\">\n\t\t\t\t\t\t\t\t\t\t\t\t<label for=\"form-field-email\" class=\"elementor-field-label\">\n\t\t\t\t\t\t\t\tCorreo electr\u00f3nico\t\t\t\t\t\t\t<\/label>\n\t\t\t\t\t\t\t\t\t\t\t\t\t\t<input size=\"1\" type=\"email\" name=\"form_fields[email]\" id=\"form-field-email\" class=\"elementor-field elementor-size-sm  elementor-field-textual\" placeholder=\"Correo electr\u00f3nico\" required=\"required\">\n\t\t\t\t\t\t\t\t\t\t\t<\/div>\n\t\t\t\t\t\t\t\t<div class=\"elementor-field-type-textarea elementor-field-group elementor-column elementor-field-group-message elementor-col-100 elementor-field-required elementor-mark-required\">\n\t\t\t\t\t\t\t\t\t\t\t\t<label for=\"form-field-message\" class=\"elementor-field-label\">\n\t\t\t\t\t\t\t\tMensaje\t\t\t\t\t\t\t<\/label>\n\t\t\t\t\t\t<textarea class=\"elementor-field-textual elementor-field  elementor-size-sm\" name=\"form_fields[message]\" id=\"form-field-message\" rows=\"4\" placeholder=\"Mensaje\" required=\"required\"><\/textarea>\t\t\t\t<\/div>\n\t\t\t\t\t\t\t\t<div class=\"elementor-field-type-acceptance elementor-field-group elementor-column elementor-field-group-field_ca3f9c3 elementor-col-100 elementor-field-required elementor-mark-required\">\n\t\t\t\t\t\t\t<div class=\"elementor-field-subgroup\">\n\t\t\t<span class=\"elementor-field-option\">\n\t\t\t\t<input type=\"checkbox\" name=\"form_fields[field_ca3f9c3]\" id=\"form-field-field_ca3f9c3\" class=\"elementor-field elementor-size-sm  elementor-acceptance-field\" required=\"required\">\n\t\t\t\t<label for=\"form-field-field_ca3f9c3\">He le&iacute;do y acepto la <a href=\"https:\/\/pitesa.es\/politica-privacidad\/\">pol&iacute;ticas de privacidad<\/a><\/span><\/p><\/label>\t\t\t<\/span>\n\t\t<\/div>\n\t\t\t\t\t\t<\/div>\n\t\t\t\t\t\t\t\t<div class=\"elementor-field-type-recaptcha_v3 elementor-field-group elementor-column elementor-field-group-field_e03e4b1 elementor-col-100 recaptcha_v3-bottomright\">\n\t\t\t\t\t<div class=\"elementor-field\" id=\"form-field-field_e03e4b1\"><div class=\"elementor-g-recaptcha\" data-sitekey=\"6LfPPbkcAAAAAH0tbEYpyfYB42JUdT8DTyFbe04h\" data-type=\"v3\" data-action=\"Form\" data-badge=\"bottomright\" data-size=\"invisible\"><\/div><\/div>\t\t\t\t<\/div>\n\t\t\t\t\t\t\t\t<div class=\"elementor-field-group elementor-column elementor-field-type-submit elementor-col-100 e-form__buttons\">\n\t\t\t\t\t<button class=\"elementor-button elementor-size-sm\" type=\"submit\">\n\t\t\t\t\t\t<span class=\"elementor-button-content-wrapper\">\n\t\t\t\t\t\t\t\t\t\t\t\t\t\t\t\t\t\t\t\t\t\t<span class=\"elementor-button-text\">Enviar<\/span>\n\t\t\t\t\t\t\t\t\t\t\t\t\t<\/span>\n\t\t\t\t\t<\/button>\n\t\t\t\t<\/div>\n\t\t\t<\/div>\n\t\t<\/form>\n\t\t\t\t\t\t<\/div>\n\t\t\t\t<\/div>\n\t\t<div class=\"elementor-element elementor-element-226129a e-con-full e-flex e-con e-child\" data-id=\"226129a\" data-element_type=\"container\" data-e-type=\"container\">\n\t\t\t\t<div class=\"elementor-element elementor-element-781aa5c4 elementor-widget elementor-widget-image\" data-id=\"781aa5c4\" data-element_type=\"widget\" data-e-type=\"widget\" data-widget_type=\"image.default\">\n\t\t\t\t\t\t\t\t\t\t\t\t\t\t\t<img fetchpriority=\"high\" decoding=\"async\" width=\"2048\" height=\"1152\" src=\"https:\/\/www.pitesa.es\/wp-content\/uploads\/2025\/09\/fachada-pitesa-2048x1152-1.webp\" class=\"attachment-full size-full wp-image-313\" alt=\"fachada pitesa 2048x1152 1\" srcset=\"https:\/\/www.pitesa.es\/wp-content\/uploads\/2025\/09\/fachada-pitesa-2048x1152-1.webp 2048w, https:\/\/www.pitesa.es\/wp-content\/uploads\/2025\/09\/fachada-pitesa-2048x1152-1-300x169.webp 300w, https:\/\/www.pitesa.es\/wp-content\/uploads\/2025\/09\/fachada-pitesa-2048x1152-1-1024x576.webp 1024w, https:\/\/www.pitesa.es\/wp-content\/uploads\/2025\/09\/fachada-pitesa-2048x1152-1-768x432.webp 768w, https:\/\/www.pitesa.es\/wp-content\/uploads\/2025\/09\/fachada-pitesa-2048x1152-1-1536x864.webp 1536w, https:\/\/www.pitesa.es\/wp-content\/uploads\/2025\/09\/fachada-pitesa-2048x1152-1-600x338.webp 600w\" sizes=\"(max-width: 2048px) 100vw, 2048px\" \/>\t\t\t\t\t\t\t\t\t\t\t\t\t\t\t<\/div>\n\t\t<div class=\"elementor-element elementor-element-6cbb2e2 e-con-full e-flex e-con e-child\" data-id=\"6cbb2e2\" data-element_type=\"container\" data-e-type=\"container\">\n\t\t\t\t<div class=\"elementor-element elementor-element-3cc8ec1a elementor-widget elementor-widget-heading\" data-id=\"3cc8ec1a\" data-element_type=\"widget\" data-e-type=\"widget\" data-widget_type=\"heading.default\">\n\t\t\t\t\t<p class=\"elementor-heading-title elementor-size-default\">Tel\u00e9fono<\/p>\t\t\t\t<\/div>\n\t\t\t\t<div class=\"elementor-element elementor-element-5568d58 elementor-icon-list--layout-traditional elementor-list-item-link-full_width elementor-widget elementor-widget-icon-list\" data-id=\"5568d58\" data-element_type=\"widget\" data-e-type=\"widget\" data-widget_type=\"icon-list.default\">\n\t\t\t\t\t\t\t<ul class=\"elementor-icon-list-items\">\n\t\t\t\t\t\t\t<li class=\"elementor-icon-list-item\">\n\t\t\t\t\t\t\t\t\t\t\t<a href=\"tel:983771051\">\n\n\t\t\t\t\t\t\t\t\t\t\t\t<span class=\"elementor-icon-list-icon\">\n\t\t\t\t\t\t\t<i aria-hidden=\"true\" class=\"rtmicon rtmicon-phone-classic\"><\/i>\t\t\t\t\t\t<\/span>\n\t\t\t\t\t\t\t\t\t\t<span class=\"elementor-icon-list-text\">983 77 10 51<\/span>\n\t\t\t\t\t\t\t\t\t\t\t<\/a>\n\t\t\t\t\t\t\t\t\t<\/li>\n\t\t\t\t\t\t<\/ul>\n\t\t\t\t\t\t<\/div>\n\t\t\t\t<\/div>\n\t\t\t\t<div class=\"elementor-element elementor-element-11c65f98 elementor-widget-divider--view-line elementor-widget elementor-widget-divider\" data-id=\"11c65f98\" data-element_type=\"widget\" data-e-type=\"widget\" data-widget_type=\"divider.default\">\n\t\t\t\t\t\t\t<div class=\"elementor-divider\">\n\t\t\t<span class=\"elementor-divider-separator\">\n\t\t\t\t\t\t<\/span>\n\t\t<\/div>\n\t\t\t\t\t\t<\/div>\n\t\t<div class=\"elementor-element elementor-element-241c5d2f e-con-full e-flex e-con e-child\" data-id=\"241c5d2f\" data-element_type=\"container\" data-e-type=\"container\">\n\t\t\t\t<div class=\"elementor-element elementor-element-648ddac0 elementor-widget elementor-widget-heading\" data-id=\"648ddac0\" data-element_type=\"widget\" data-e-type=\"widget\" data-widget_type=\"heading.default\">\n\t\t\t\t\t<p class=\"elementor-heading-title elementor-size-default\">Correo electr\u00f3nico<\/p>\t\t\t\t<\/div>\n\t\t\t\t<div class=\"elementor-element elementor-element-1e1cf802 elementor-icon-list--layout-traditional elementor-list-item-link-full_width elementor-widget elementor-widget-icon-list\" data-id=\"1e1cf802\" data-element_type=\"widget\" data-e-type=\"widget\" data-widget_type=\"icon-list.default\">\n\t\t\t\t\t\t\t<ul class=\"elementor-icon-list-items\">\n\t\t\t\t\t\t\t<li class=\"elementor-icon-list-item\">\n\t\t\t\t\t\t\t\t\t\t\t<span class=\"elementor-icon-list-icon\">\n\t\t\t\t\t\t\t<i aria-hidden=\"true\" class=\"rtmicon rtmicon-globe\"><\/i>\t\t\t\t\t\t<\/span>\n\t\t\t\t\t\t\t\t\t\t<span class=\"elementor-icon-list-text\">pitesa {a} pitesa.es<\/span>\n\t\t\t\t\t\t\t\t\t<\/li>\n\t\t\t\t\t\t<\/ul>\n\t\t\t\t\t\t<\/div>\n\t\t\t\t<\/div>\n\t\t\t\t<div class=\"elementor-element elementor-element-21d4eac2 elementor-widget-divider--view-line elementor-widget elementor-widget-divider\" data-id=\"21d4eac2\" data-element_type=\"widget\" data-e-type=\"widget\" data-widget_type=\"divider.default\">\n\t\t\t\t\t\t\t<div class=\"elementor-divider\">\n\t\t\t<span class=\"elementor-divider-separator\">\n\t\t\t\t\t\t<\/span>\n\t\t<\/div>\n\t\t\t\t\t\t<\/div>\n\t\t<div class=\"elementor-element elementor-element-649215aa e-con-full e-flex e-con e-child\" data-id=\"649215aa\" data-element_type=\"container\" data-e-type=\"container\">\n\t\t\t\t<div class=\"elementor-element elementor-element-38154e99 elementor-widget elementor-widget-heading\" data-id=\"38154e99\" data-element_type=\"widget\" data-e-type=\"widget\" data-widget_type=\"heading.default\">\n\t\t\t\t\t<p class=\"elementor-heading-title elementor-size-default\">Direcci\u00f3n<\/p>\t\t\t\t<\/div>\n\t\t\t\t<div class=\"elementor-element elementor-element-5ebfb797 elementor-icon-list--layout-traditional elementor-list-item-link-full_width elementor-widget elementor-widget-icon-list\" data-id=\"5ebfb797\" data-element_type=\"widget\" data-e-type=\"widget\" data-widget_type=\"icon-list.default\">\n\t\t\t\t\t\t\t<ul class=\"elementor-icon-list-items\">\n\t\t\t\t\t\t\t<li class=\"elementor-icon-list-item\">\n\t\t\t\t\t\t\t\t\t\t\t<span class=\"elementor-icon-list-icon\">\n\t\t\t\t\t\t\t<i aria-hidden=\"true\" class=\"rtmicon rtmicon-pin-map-location\"><\/i>\t\t\t\t\t\t<\/span>\n\t\t\t\t\t\t\t\t\t\t<span class=\"elementor-icon-list-text\">Pol\u00edgono Industrial La Vega Parcelas 9-10 47100 Tordesillas, Valladolid<\/span>\n\t\t\t\t\t\t\t\t\t<\/li>\n\t\t\t\t\t\t<\/ul>\n\t\t\t\t\t\t<\/div>\n\t\t\t\t<\/div>\n\t\t\t\t<\/div>\n\t\t\t\t\t<\/div>\n\t\t\t\t<\/div>\n\t\t<div class=\"elementor-element elementor-element-49a5763e e-flex e-con-boxed e-con e-parent\" data-id=\"49a5763e\" data-element_type=\"container\" data-e-type=\"container\">\n\t\t\t\t\t<div class=\"e-con-inner\">\n\t\t\t\t<div class=\"elementor-element elementor-element-6ede01f8 elementor-widget elementor-widget-google_maps\" data-id=\"6ede01f8\" data-element_type=\"widget\" data-e-type=\"widget\" data-widget_type=\"google_maps.default\">\n\t\t\t\t\t\t\t<div class=\"elementor-custom-embed\">\n\t\t\t<iframe loading=\"lazy\"\n\t\t\t\t\tsrc=\"https:\/\/maps.google.com\/maps?q=pitesa&#038;t=m&#038;z=10&#038;output=embed&#038;iwloc=near\"\n\t\t\t\t\ttitle=\"pitesa\"\n\t\t\t\t\taria-label=\"pitesa\"\n\t\t\t><\/iframe>\n\t\t<\/div>\n\t\t\t\t\t\t<\/div>\n\t\t\t\t\t<\/div>\n\t\t\t\t<\/div>\n\t\t\t\t<\/div>\n\t\t","protected":false},"excerpt":{"rendered":"<p>Contacto Escreva-nos ou telefone-nos Se precisar de mais informa\u00e7\u00f5es sobre os nossos servi\u00e7os ou produtos, n\u00e3o hesite em contactar-nos. Telefone 983 77 10 51 E-mail pitesa {a} pitesa.es Endere\u00e7o Pol\u00edgono Industrial La Vega Parcelas 9-10 47100 Tordesillas, Valladolid<\/p>","protected":false},"author":1,"featured_media":0,"parent":0,"menu_order":0,"comment_status":"closed","ping_status":"closed","template":"elementor_header_footer","meta":{"footnotes":""},"class_list":["post-173","page","type-page","status-publish","hentry"],"yoast_head":"<!-- This site is optimized with the Yoast SEO plugin v27.4 - https:\/\/yoast.com\/product\/yoast-seo-wordpress\/ -->\n<title>Contacto - PITESA<\/title>\n<meta name=\"robots\" content=\"index, follow, max-snippet:-1, max-image-preview:large, max-video-preview:-1\" \/>\n<link rel=\"canonical\" href=\"https:\/\/www.pitesa.es\/pt\/contacto\/\" \/>\n<meta property=\"og:locale\" content=\"pt_PT\" \/>\n<meta property=\"og:type\" content=\"article\" \/>\n<meta property=\"og:title\" content=\"Contacto - PITESA\" \/>\n<meta property=\"og:description\" content=\"Contacto Escr\u00edbenos o ll\u00e1manos Si necesitas m\u00e1s informaci\u00f3n sobre nuestros servicios o productos no dudes en ponerte en contacto con nosotros. Tel\u00e9fono 983 77 10 51 Correo electr\u00f3nico pitesa {a} pitesa.es Direcci\u00f3n Pol\u00edgono Industrial La Vega Parcelas 9-10 47100 Tordesillas, Valladolid\" \/>\n<meta property=\"og:url\" content=\"https:\/\/www.pitesa.es\/pt\/contacto\/\" \/>\n<meta property=\"og:site_name\" content=\"PITESA\" \/>\n<meta property=\"article:modified_time\" content=\"2025-11-29T09:12:40+00:00\" \/>\n<meta property=\"og:image\" content=\"https:\/\/www.pitesa.es\/wp-content\/uploads\/2025\/09\/fachada-pitesa-2048x1152-1.webp\" \/>\n\t<meta property=\"og:image:width\" content=\"2048\" \/>\n\t<meta property=\"og:image:height\" content=\"1152\" \/>\n\t<meta property=\"og:image:type\" content=\"image\/webp\" \/>\n<meta name=\"twitter:card\" content=\"summary_large_image\" \/>\n<script type=\"application\/ld+json\" class=\"yoast-schema-graph\">{\"@context\":\"https:\\\/\\\/schema.org\",\"@graph\":[{\"@type\":\"WebPage\",\"@id\":\"https:\\\/\\\/www.pitesa.es\\\/contacto\\\/\",\"url\":\"https:\\\/\\\/www.pitesa.es\\\/contacto\\\/\",\"name\":\"Contacto - PITESA\",\"isPartOf\":{\"@id\":\"https:\\\/\\\/www.pitesa.es\\\/#website\"},\"primaryImageOfPage\":{\"@id\":\"https:\\\/\\\/www.pitesa.es\\\/contacto\\\/#primaryimage\"},\"image\":{\"@id\":\"https:\\\/\\\/www.pitesa.es\\\/contacto\\\/#primaryimage\"},\"thumbnailUrl\":\"https:\\\/\\\/www.pitesa.es\\\/wp-content\\\/uploads\\\/2025\\\/09\\\/fachada-pitesa-2048x1152-1.webp\",\"datePublished\":\"2025-09-09T10:36:48+00:00\",\"dateModified\":\"2025-11-29T09:12:40+00:00\",\"breadcrumb\":{\"@id\":\"https:\\\/\\\/www.pitesa.es\\\/contacto\\\/#breadcrumb\"},\"inLanguage\":\"pt-PT\",\"potentialAction\":[{\"@type\":\"ReadAction\",\"target\":[\"https:\\\/\\\/www.pitesa.es\\\/contacto\\\/\"]}]},{\"@type\":\"ImageObject\",\"inLanguage\":\"pt-PT\",\"@id\":\"https:\\\/\\\/www.pitesa.es\\\/contacto\\\/#primaryimage\",\"url\":\"https:\\\/\\\/www.pitesa.es\\\/wp-content\\\/uploads\\\/2025\\\/09\\\/fachada-pitesa-2048x1152-1.webp\",\"contentUrl\":\"https:\\\/\\\/www.pitesa.es\\\/wp-content\\\/uploads\\\/2025\\\/09\\\/fachada-pitesa-2048x1152-1.webp\"},{\"@type\":\"BreadcrumbList\",\"@id\":\"https:\\\/\\\/www.pitesa.es\\\/contacto\\\/#breadcrumb\",\"itemListElement\":[{\"@type\":\"ListItem\",\"position\":1,\"name\":\"Portada\",\"item\":\"https:\\\/\\\/www.pitesa.es\\\/\"},{\"@type\":\"ListItem\",\"position\":2,\"name\":\"Contacto\"}]},{\"@type\":\"WebSite\",\"@id\":\"https:\\\/\\\/www.pitesa.es\\\/#website\",\"url\":\"https:\\\/\\\/www.pitesa.es\\\/\",\"name\":\"PITESA\",\"description\":\"Especialistas en Agroalimentaci\u00f3n\",\"publisher\":{\"@id\":\"https:\\\/\\\/www.pitesa.es\\\/#organization\"},\"potentialAction\":[{\"@type\":\"SearchAction\",\"target\":{\"@type\":\"EntryPoint\",\"urlTemplate\":\"https:\\\/\\\/www.pitesa.es\\\/?s={search_term_string}\"},\"query-input\":{\"@type\":\"PropertyValueSpecification\",\"valueRequired\":true,\"valueName\":\"search_term_string\"}}],\"inLanguage\":\"pt-PT\"},{\"@type\":\"Organization\",\"@id\":\"https:\\\/\\\/www.pitesa.es\\\/#organization\",\"name\":\"PITESA\",\"url\":\"https:\\\/\\\/www.pitesa.es\\\/\",\"logo\":{\"@type\":\"ImageObject\",\"inLanguage\":\"pt-PT\",\"@id\":\"https:\\\/\\\/www.pitesa.es\\\/#\\\/schema\\\/logo\\\/image\\\/\",\"url\":\"https:\\\/\\\/www.pitesa.es\\\/wp-content\\\/uploads\\\/2025\\\/11\\\/logo-pitesa-h-c@2x-scaled.png\",\"contentUrl\":\"https:\\\/\\\/www.pitesa.es\\\/wp-content\\\/uploads\\\/2025\\\/11\\\/logo-pitesa-h-c@2x-scaled.png\",\"width\":2560,\"height\":765,\"caption\":\"PITESA\"},\"image\":{\"@id\":\"https:\\\/\\\/www.pitesa.es\\\/#\\\/schema\\\/logo\\\/image\\\/\"}}]}<\/script>\n<!-- \/ Yoast SEO plugin. -->","yoast_head_json":{"title":"Contacto - PITESA","robots":{"index":"index","follow":"follow","max-snippet":"max-snippet:-1","max-image-preview":"max-image-preview:large","max-video-preview":"max-video-preview:-1"},"canonical":"https:\/\/www.pitesa.es\/pt\/contacto\/","og_locale":"pt_PT","og_type":"article","og_title":"Contacto - PITESA","og_description":"Contacto Escr\u00edbenos o ll\u00e1manos Si necesitas m\u00e1s informaci\u00f3n sobre nuestros servicios o productos no dudes en ponerte en contacto con nosotros. Tel\u00e9fono 983 77 10 51 Correo electr\u00f3nico pitesa {a} pitesa.es Direcci\u00f3n Pol\u00edgono Industrial La Vega Parcelas 9-10 47100 Tordesillas, Valladolid","og_url":"https:\/\/www.pitesa.es\/pt\/contacto\/","og_site_name":"PITESA","article_modified_time":"2025-11-29T09:12:40+00:00","og_image":[{"width":2048,"height":1152,"url":"https:\/\/www.pitesa.es\/wp-content\/uploads\/2025\/09\/fachada-pitesa-2048x1152-1.webp","type":"image\/webp"}],"twitter_card":"summary_large_image","schema":{"@context":"https:\/\/schema.org","@graph":[{"@type":"WebPage","@id":"https:\/\/www.pitesa.es\/contacto\/","url":"https:\/\/www.pitesa.es\/contacto\/","name":"Contacto - PITESA","isPartOf":{"@id":"https:\/\/www.pitesa.es\/#website"},"primaryImageOfPage":{"@id":"https:\/\/www.pitesa.es\/contacto\/#primaryimage"},"image":{"@id":"https:\/\/www.pitesa.es\/contacto\/#primaryimage"},"thumbnailUrl":"https:\/\/www.pitesa.es\/wp-content\/uploads\/2025\/09\/fachada-pitesa-2048x1152-1.webp","datePublished":"2025-09-09T10:36:48+00:00","dateModified":"2025-11-29T09:12:40+00:00","breadcrumb":{"@id":"https:\/\/www.pitesa.es\/contacto\/#breadcrumb"},"inLanguage":"pt-PT","potentialAction":[{"@type":"ReadAction","target":["https:\/\/www.pitesa.es\/contacto\/"]}]},{"@type":"ImageObject","inLanguage":"pt-PT","@id":"https:\/\/www.pitesa.es\/contacto\/#primaryimage","url":"https:\/\/www.pitesa.es\/wp-content\/uploads\/2025\/09\/fachada-pitesa-2048x1152-1.webp","contentUrl":"https:\/\/www.pitesa.es\/wp-content\/uploads\/2025\/09\/fachada-pitesa-2048x1152-1.webp"},{"@type":"BreadcrumbList","@id":"https:\/\/www.pitesa.es\/contacto\/#breadcrumb","itemListElement":[{"@type":"ListItem","position":1,"name":"Portada","item":"https:\/\/www.pitesa.es\/"},{"@type":"ListItem","position":2,"name":"Contacto"}]},{"@type":"WebSite","@id":"https:\/\/www.pitesa.es\/#website","url":"https:\/\/www.pitesa.es\/","name":"PITESA","description":"Especialistas em agroalimentar","publisher":{"@id":"https:\/\/www.pitesa.es\/#organization"},"potentialAction":[{"@type":"SearchAction","target":{"@type":"EntryPoint","urlTemplate":"https:\/\/www.pitesa.es\/?s={search_term_string}"},"query-input":{"@type":"PropertyValueSpecification","valueRequired":true,"valueName":"search_term_string"}}],"inLanguage":"pt-PT"},{"@type":"Organization","@id":"https:\/\/www.pitesa.es\/#organization","name":"PITESA","url":"https:\/\/www.pitesa.es\/","logo":{"@type":"ImageObject","inLanguage":"pt-PT","@id":"https:\/\/www.pitesa.es\/#\/schema\/logo\/image\/","url":"https:\/\/www.pitesa.es\/wp-content\/uploads\/2025\/11\/logo-pitesa-h-c@2x-scaled.png","contentUrl":"https:\/\/www.pitesa.es\/wp-content\/uploads\/2025\/11\/logo-pitesa-h-c@2x-scaled.png","width":2560,"height":765,"caption":"PITESA"},"image":{"@id":"https:\/\/www.pitesa.es\/#\/schema\/logo\/image\/"}}]}},"_links":{"self":[{"href":"https:\/\/www.pitesa.es\/pt\/wp-json\/wp\/v2\/pages\/173","targetHints":{"allow":["GET"]}}],"collection":[{"href":"https:\/\/www.pitesa.es\/pt\/wp-json\/wp\/v2\/pages"}],"about":[{"href":"https:\/\/www.pitesa.es\/pt\/wp-json\/wp\/v2\/types\/page"}],"author":[{"embeddable":true,"href":"https:\/\/www.pitesa.es\/pt\/wp-json\/wp\/v2\/users\/1"}],"replies":[{"embeddable":true,"href":"https:\/\/www.pitesa.es\/pt\/wp-json\/wp\/v2\/comments?post=173"}],"version-history":[{"count":46,"href":"https:\/\/www.pitesa.es\/pt\/wp-json\/wp\/v2\/pages\/173\/revisions"}],"predecessor-version":[{"id":1018,"href":"https:\/\/www.pitesa.es\/pt\/wp-json\/wp\/v2\/pages\/173\/revisions\/1018"}],"wp:attachment":[{"href":"https:\/\/www.pitesa.es\/pt\/wp-json\/wp\/v2\/media?parent=173"}],"curies":[{"name":"wp","href":"https:\/\/api.w.org\/{rel}","templated":true}]}}