{"id":171,"date":"2025-09-09T10:36:35","date_gmt":"2025-09-09T10:36:35","guid":{"rendered":"https:\/\/www.pitesa.es\/new\/?page_id=171"},"modified":"2025-10-28T12:10:48","modified_gmt":"2025-10-28T12:10:48","slug":"pagao","status":"publish","type":"page","link":"https:\/\/www.pitesa.es\/pt\/pagao\/","title":{"rendered":"Pagran"},"content":{"rendered":"<div data-elementor-type=\"wp-page\" data-elementor-id=\"171\" class=\"elementor elementor-171\" data-elementor-post-type=\"page\">\n\t\t\t\t<div class=\"elementor-element elementor-element-0605753 e-flex e-con-boxed e-con e-parent\" data-id=\"0605753\" data-element_type=\"container\" data-e-type=\"container\">\n\t\t\t\t\t<div class=\"e-con-inner\">\n\t\t<div class=\"elementor-element elementor-element-8d18dab e-con-full e-flex e-con e-child\" data-id=\"8d18dab\" data-element_type=\"container\" data-e-type=\"container\" data-settings=\"{&quot;background_background&quot;:&quot;classic&quot;}\">\n\t\t<div class=\"elementor-element elementor-element-f5b2cef e-con-full e-flex elementor-invisible e-con e-child\" data-id=\"f5b2cef\" data-element_type=\"container\" data-e-type=\"container\" data-settings=\"{&quot;background_background&quot;:&quot;classic&quot;,&quot;animation&quot;:&quot;fadeInLeft&quot;}\">\n\t\t\t\t<div class=\"elementor-element elementor-element-c5247d7 elementor-widget elementor-widget-heading\" data-id=\"c5247d7\" data-element_type=\"widget\" data-e-type=\"widget\" data-widget_type=\"heading.default\">\n\t\t\t\t\t<h1 class=\"elementor-heading-title elementor-size-default\">PAGRAN<\/h1>\t\t\t\t<\/div>\n\t\t\t\t<div class=\"elementor-element elementor-element-513deac animated-slow elementor-widget-divider--view-line elementor-invisible elementor-widget elementor-widget-divider\" data-id=\"513deac\" data-element_type=\"widget\" data-e-type=\"widget\" data-settings=\"{&quot;_animation&quot;:&quot;fadeIn&quot;,&quot;_animation_delay&quot;:200}\" data-widget_type=\"divider.default\">\n\t\t\t\t\t\t\t<div class=\"elementor-divider\">\n\t\t\t<span class=\"elementor-divider-separator\">\n\t\t\t\t\t\t<\/span>\n\t\t<\/div>\n\t\t\t\t\t\t<\/div>\n\t\t\t\t<div class=\"elementor-element elementor-element-c0afdca elementor-widget elementor-widget-heading\" data-id=\"c0afdca\" data-element_type=\"widget\" data-e-type=\"widget\" data-widget_type=\"heading.default\">\n\t\t\t\t\t<h2 class=\"elementor-heading-title elementor-size-default\">Mat\u00e9ria-prima para alimenta\u00e7\u00e3o animal<\/h2>\t\t\t\t<\/div>\n\t\t\t\t<\/div>\n\t\t\t\t<\/div>\n\t\t<div class=\"elementor-element elementor-element-6c13e1f e-con-full e-flex e-con e-child\" data-id=\"6c13e1f\" data-element_type=\"container\" data-e-type=\"container\">\n\t\t\t\t<div class=\"elementor-element elementor-element-e3bfcc9 elementor-widget elementor-widget-text-editor\" data-id=\"e3bfcc9\" data-element_type=\"widget\" data-e-type=\"widget\" data-widget_type=\"text-editor.default\">\n\t\t\t\t\t\t\t\t\t<p>Palha de cereais hidrolisada com NaOH<\/p>\t\t\t\t\t\t\t\t<\/div>\n\t\t\t\t<div class=\"elementor-element elementor-element-08c1890 animated-slow elementor-invisible elementor-widget elementor-widget-heading\" data-id=\"08c1890\" data-element_type=\"widget\" data-e-type=\"widget\" data-settings=\"{&quot;_animation&quot;:&quot;fadeIn&quot;}\" data-widget_type=\"heading.default\">\n\t\t\t\t\t<p class=\"elementor-heading-title elementor-size-default\">Ingredientes<\/p>\t\t\t\t<\/div>\n\t\t\t\t<div class=\"elementor-element elementor-element-d5d84e7 elementor-widget__width-auto elementor-icon-list--layout-traditional elementor-list-item-link-full_width elementor-widget elementor-widget-icon-list\" data-id=\"d5d84e7\" data-element_type=\"widget\" data-e-type=\"widget\" data-widget_type=\"icon-list.default\">\n\t\t\t\t\t\t\t<ul class=\"elementor-icon-list-items\">\n\t\t\t\t\t\t\t<li class=\"elementor-icon-list-item\">\n\t\t\t\t\t\t\t\t\t\t\t<span class=\"elementor-icon-list-icon\">\n\t\t\t\t\t\t\t<svg xmlns=\"http:\/\/www.w3.org\/2000\/svg\" id=\"Capa_2\" data-name=\"Capa 2\" viewbox=\"0 0 265.81 232.5\"><defs><style>      .cls-1 {        fill: #ca142c;      }      .cls-2 {        fill: #252f62;      }    <\/style><\/defs><g id=\"Capa_1-2\" data-name=\"Capa 1\"><g><path class=\"cls-1\" d=\"M132.87,232.5L0,30.78l29.39-11.45C62.32,6.5,96.93,0,132.27,0h.67s.57,0,.57,0c35.37,0,69.98,6.5,102.9,19.33l29.4,11.45-132.94,201.71ZM16.67,36.09l116.2,176.41L249.14,36.09l-16.71-6.51c-31.65-12.33-64.91-18.58-98.88-18.58h-.61s-.71,0-.71,0c-33.93,0-67.2,6.25-98.84,18.58l-16.72,6.51Z\"><\/path><path class=\"cls-2\" d=\"M227.16,43.09c-19.61-7.64-52.25-17.59-93.61-17.59-.21,0-.43,0-.64,0-.21,0-.43,0-.64,0-41.36,0-74,9.95-93.61,17.59l94.51,143.4L227.16,43.09Z\"><\/path><\/g><\/g><\/svg>\t\t\t\t\t\t<\/span>\n\t\t\t\t\t\t\t\t\t\t<span class=\"elementor-icon-list-text\">Palha de cereais (cevada ou trigo)<\/span>\n\t\t\t\t\t\t\t\t\t<\/li>\n\t\t\t\t\t\t<\/ul>\n\t\t\t\t\t\t<\/div>\n\t\t\t\t<div class=\"elementor-element elementor-element-73b08f5 animated-slow elementor-invisible elementor-widget elementor-widget-heading\" data-id=\"73b08f5\" data-element_type=\"widget\" data-e-type=\"widget\" data-settings=\"{&quot;_animation&quot;:&quot;fadeIn&quot;}\" data-widget_type=\"heading.default\">\n\t\t\t\t\t<p class=\"elementor-heading-title elementor-size-default\">Tratamento<\/p>\t\t\t\t<\/div>\n\t\t\t\t<div class=\"elementor-element elementor-element-237d590 elementor-widget__width-auto elementor-icon-list--layout-traditional elementor-list-item-link-full_width elementor-widget elementor-widget-icon-list\" data-id=\"237d590\" data-element_type=\"widget\" data-e-type=\"widget\" data-widget_type=\"icon-list.default\">\n\t\t\t\t\t\t\t<ul class=\"elementor-icon-list-items\">\n\t\t\t\t\t\t\t<li class=\"elementor-icon-list-item\">\n\t\t\t\t\t\t\t\t\t\t\t<span class=\"elementor-icon-list-icon\">\n\t\t\t\t\t\t\t<svg xmlns=\"http:\/\/www.w3.org\/2000\/svg\" id=\"Capa_2\" data-name=\"Capa 2\" viewbox=\"0 0 265.81 232.5\"><defs><style>      .cls-1 {        fill: #ca142c;      }      .cls-2 {        fill: #252f62;      }    <\/style><\/defs><g id=\"Capa_1-2\" data-name=\"Capa 1\"><g><path class=\"cls-1\" d=\"M132.87,232.5L0,30.78l29.39-11.45C62.32,6.5,96.93,0,132.27,0h.67s.57,0,.57,0c35.37,0,69.98,6.5,102.9,19.33l29.4,11.45-132.94,201.71ZM16.67,36.09l116.2,176.41L249.14,36.09l-16.71-6.51c-31.65-12.33-64.91-18.58-98.88-18.58h-.61s-.71,0-.71,0c-33.93,0-67.2,6.25-98.84,18.58l-16.72,6.51Z\"><\/path><path class=\"cls-2\" d=\"M227.16,43.09c-19.61-7.64-52.25-17.59-93.61-17.59-.21,0-.43,0-.64,0-.21,0-.43,0-.64,0-41.36,0-74,9.95-93.61,17.59l94.51,143.4L227.16,43.09Z\"><\/path><\/g><\/g><\/svg>\t\t\t\t\t\t<\/span>\n\t\t\t\t\t\t\t\t\t\t<span class=\"elementor-icon-list-text\">Tritura\u00e7\u00e3o e granula\u00e7\u00e3o.<\/span>\n\t\t\t\t\t\t\t\t\t<\/li>\n\t\t\t\t\t\t<\/ul>\n\t\t\t\t\t\t<\/div>\n\t\t\t\t<div class=\"elementor-element elementor-element-3d0a76d elementor-widget elementor-widget-image\" data-id=\"3d0a76d\" data-element_type=\"widget\" data-e-type=\"widget\" data-widget_type=\"image.default\">\n\t\t\t\t\t\t\t\t\t\t\t\t\t\t\t<img fetchpriority=\"high\" decoding=\"async\" width=\"1000\" height=\"750\" src=\"https:\/\/www.pitesa.es\/wp-content\/uploads\/2025\/10\/PAGRAN-PAJA-PITESA.jpg\" class=\"attachment-full size-full wp-image-875\" alt=\"PAGRAN PITESA PALHA\" srcset=\"https:\/\/www.pitesa.es\/wp-content\/uploads\/2025\/10\/PAGRAN-PAJA-PITESA.jpg 1000w, https:\/\/www.pitesa.es\/wp-content\/uploads\/2025\/10\/PAGRAN-PAJA-PITESA-300x225.jpg 300w, https:\/\/www.pitesa.es\/wp-content\/uploads\/2025\/10\/PAGRAN-PAJA-PITESA-768x576.jpg 768w, https:\/\/www.pitesa.es\/wp-content\/uploads\/2025\/10\/PAGRAN-PAJA-PITESA-16x12.jpg 16w, https:\/\/www.pitesa.es\/wp-content\/uploads\/2025\/10\/PAGRAN-PAJA-PITESA-600x450.jpg 600w\" sizes=\"(max-width: 1000px) 100vw, 1000px\" \/>\t\t\t\t\t\t\t\t\t\t\t\t\t\t\t<\/div>\n\t\t\t\t<\/div>\n\t\t\t\t\t<\/div>\n\t\t\t\t<\/div>\n\t\t<div class=\"elementor-element elementor-element-e058405 e-flex e-con-boxed e-con e-parent\" data-id=\"e058405\" data-element_type=\"container\" data-e-type=\"container\">\n\t\t\t\t\t<div class=\"e-con-inner\">\n\t\t<div class=\"elementor-element elementor-element-b6fb508 e-con-full e-flex e-con e-child\" data-id=\"b6fb508\" data-element_type=\"container\" data-e-type=\"container\">\n\t\t\t\t<div class=\"elementor-element elementor-element-53d0020 animated-slow elementor-invisible elementor-widget elementor-widget-heading\" data-id=\"53d0020\" data-element_type=\"widget\" data-e-type=\"widget\" data-settings=\"{&quot;_animation&quot;:&quot;fadeIn&quot;,&quot;_animation_delay&quot;:400}\" data-widget_type=\"heading.default\">\n\t\t\t\t\t<h2 class=\"elementor-heading-title elementor-size-default\">Composi\u00e7\u00e3o Anal\u00edtica<\/h2>\t\t\t\t<\/div>\n\t\t\t\t<div class=\"elementor-element elementor-element-218af02 premium-table-dir-ltr elementor-widget elementor-widget-premium-tables-addon\" data-id=\"218af02\" data-element_type=\"widget\" data-e-type=\"widget\" data-settings=\"{&quot;premium_table_responsive&quot;:&quot;yes&quot;}\" data-widget_type=\"premium-tables-addon.default\">\n\t\t\t\t<div class=\"elementor-widget-container\">\n\t\t\t\t\t\r\n\t\t<div class=\"premium-table-wrap premium-table-responsive\">\r\n\t\t\t\r\n\t\t\t<table class=\"premium-table\" data-settings=\"{&quot;sort&quot;:false,&quot;usNumbers&quot;:false,&quot;sortMob&quot;:false,&quot;search&quot;:false,&quot;records&quot;:false,&quot;dataType&quot;:&quot;custom&quot;,&quot;csvFile&quot;:null,&quot;firstRow&quot;:null,&quot;separator&quot;:null,&quot;pagination&quot;:&quot;&quot;,&quot;rows&quot;:0}\" >\r\n\r\n\t\t\t\r\n\t\t<thead class=\"premium-table-head\">\r\n\r\n\t\t\t<tr class=\"premium-table-row\">\r\n\r\n\t\t\t\t<th class=\"premium-table-cell elementor-repeater-item-f1ce82c\"><span class=\"premium-table-text\">DETERMINA\u00c7\u00c3O<\/span><\/th><th class=\"premium-table-cell elementor-repeater-item-3e1ae55\"><span class=\"premium-table-text\">VALORES<\/span><\/th>\r\n\t\t\t<\/tr>\r\n\r\n\t\t<\/thead>\r\n\r\n\t\t\t\t<tbody class=\"premium-table-body\">\r\n\t\t\t\t\t\t<tr class=\"premium-table-row elementor-repeater-item-b63fe49\"><td class=\"premium-table-cell elementor-repeater-item-4efc384\"><span class=\"premium-table-text\">Mat\u00e9ria seca<\/span><\/td><td class=\"premium-table-cell elementor-repeater-item-c30d74e\"><span class=\"premium-table-text\">83,00% - 91,00%<\/span><\/td><\/tr><tr class=\"premium-table-row elementor-repeater-item-897f61c\"><td class=\"premium-table-cell elementor-repeater-item-01b7bb7\"><span class=\"premium-table-text\">Humidade<\/span><\/td><td class=\"premium-table-cell elementor-repeater-item-3305231\"><span class=\"premium-table-text\">7,00% - 9%<\/span><\/td><\/tr><tr class=\"premium-table-row elementor-repeater-item-0066f8e\"><td class=\"premium-table-cell elementor-repeater-item-cb8c345\"><span class=\"premium-table-text\">Prote\u00edna bruta<\/span><\/td><td class=\"premium-table-cell elementor-repeater-item-c6e8154\"><span class=\"premium-table-text\">3,50% - 4%<\/span><\/td><\/tr><tr class=\"premium-table-row elementor-repeater-item-cef83f6\"><td class=\"premium-table-cell elementor-repeater-item-d29be96\"><span class=\"premium-table-text\">Mat\u00e9rias gordas<\/span><\/td><td class=\"premium-table-cell elementor-repeater-item-319f5b8\"><span class=\"premium-table-text\">MAX. 1.50%<\/span><\/td><\/tr><tr class=\"premium-table-row elementor-repeater-item-a5f63b3\"><td class=\"premium-table-cell elementor-repeater-item-48ec29b\"><span class=\"premium-table-text\">Fibra bruta<\/span><\/td><td class=\"premium-table-cell elementor-repeater-item-85e8c1f\"><span class=\"premium-table-text\">30,00% - 40 %<\/span><\/td><\/tr><tr class=\"premium-table-row elementor-repeater-item-d2398b1\"><td class=\"premium-table-cell elementor-repeater-item-76f8469\"><span class=\"premium-table-text\">Cinzas<\/span><\/td><td class=\"premium-table-cell elementor-repeater-item-581fa91\"><span class=\"premium-table-text\">6,00% - 6,5 %<\/span><\/td><\/tr><tr class=\"premium-table-row elementor-repeater-item-ee6c4ef\"><td class=\"premium-table-cell elementor-repeater-item-1b19a54\"><span class=\"premium-table-text\">C\u00e1lcio<\/span><\/td><td class=\"premium-table-cell elementor-repeater-item-4a0abe4\"><span class=\"premium-table-text\">0,25% - 0,35 %<\/span><\/td><\/tr><tr class=\"premium-table-row elementor-repeater-item-72fb15f\"><td class=\"premium-table-cell elementor-repeater-item-c4aaace\"><span class=\"premium-table-text\">F\u00f3sforo total<\/span><\/td><td class=\"premium-table-cell elementor-repeater-item-655f364\"><span class=\"premium-table-text\">0,07% - 0,8 %<\/span><\/td><\/tr><tr class=\"premium-table-row elementor-repeater-item-093b72b\"><td class=\"premium-table-cell elementor-repeater-item-267974f\"><span class=\"premium-table-text\">U.F.L.<\/span><\/td><td class=\"premium-table-cell elementor-repeater-item-2fbb452\"><span class=\"premium-table-text\">30-40<\/span><\/td><\/tr><tr class=\"premium-table-row elementor-repeater-item-90d2588\"><td class=\"premium-table-cell elementor-repeater-item-ddc61b3\"><span class=\"premium-table-text\">U.F.C.<\/span><\/td><td class=\"premium-table-cell elementor-repeater-item-45fcd08\"><span class=\"premium-table-text\">20-40<\/span><\/td><\/tr><tr class=\"premium-table-row elementor-repeater-item-009cccb\"><td class=\"premium-table-cell elementor-repeater-item-b274596\"><span class=\"premium-table-text\">U.F.<\/span><\/td><td class=\"premium-table-cell elementor-repeater-item-eebfbf7\"><span class=\"premium-table-text\">30-50<\/span><\/td><\/tr><tr class=\"premium-table-row elementor-repeater-item-ec1d240\"><td class=\"premium-table-cell elementor-repeater-item-3164022\"><span class=\"premium-table-text\">E.D. Coelhos<\/span><\/td><td class=\"premium-table-cell elementor-repeater-item-6f1d44f\"><span class=\"premium-table-text\">600-750<\/span><\/td><\/tr><tr class=\"premium-table-row elementor-repeater-item-7887492\"><td class=\"premium-table-cell elementor-repeater-item-718fe7d\"><span class=\"premium-table-text\">F.A.D.<\/span><\/td><td class=\"premium-table-cell elementor-repeater-item-8db6f35\"><span class=\"premium-table-text\">45-50<\/span><\/td><\/tr><tr class=\"premium-table-row elementor-repeater-item-7147c12\"><td class=\"premium-table-cell elementor-repeater-item-1cb839b\"><span class=\"premium-table-text\">F.N.D.<\/span><\/td><td class=\"premium-table-cell elementor-repeater-item-64b9461\"><span class=\"premium-table-text\">65-75<\/span><\/td>\t\t\t<\/tr>\r\n\t\t<\/tbody>\r\n\r\n\t\t\r\n\t\t\t<\/table>\r\n\t\t<\/div>\r\n\t\t\t\t\t\t<\/div>\n\t\t\t\t<\/div>\n\t\t\t\t<div class=\"elementor-element elementor-element-3040692 elementor-widget elementor-widget-text-editor\" data-id=\"3040692\" data-element_type=\"widget\" data-e-type=\"widget\" data-widget_type=\"text-editor.default\">\n\t\t\t\t\t\t\t\t\t<p>*Estes valores s\u00e3o meramente informativos, uma vez que a venda<br \/>do produto n\u00e3o depende da sua composi\u00e7\u00e3o.<\/p>\t\t\t\t\t\t\t\t<\/div>\n\t\t\t\t<\/div>\n\t\t\t\t\t<\/div>\n\t\t\t\t<\/div>\n\t\t\t\t<\/div>","protected":false},"excerpt":{"rendered":"<p>PAGRAN Materia prima para alimentaci\u00f3n animal Paja de cereales Hidrolizada con NaOH Ingredientes Paja de Cereal (Cebada o Trigo) Tratamiento Trituraci\u00f3n y granulaci\u00f3n. Composici\u00f3n Anal\u00edtica DETERMINACI\u00d3N VALORES Materia Seca 83,00% &#8211; 91,00% Humedad 7,00% &#8211; 9% Prote\u00edna Bruta 3,50% &#8211; 4% Materia Grasa MAX. 1,50% Fibra Bruta 30,00% &#8211; 40 % Cenizas 6,00% &#8211; 6,5 [&hellip;]<\/p>\n","protected":false},"author":1,"featured_media":0,"parent":0,"menu_order":0,"comment_status":"closed","ping_status":"closed","template":"","meta":{"footnotes":""},"class_list":["post-171","page","type-page","status-publish","hentry"],"yoast_head":"<!-- This site is optimized with the Yoast SEO plugin v27.4 - https:\/\/yoast.com\/product\/yoast-seo-wordpress\/ -->\n<title>Pagran - PITESA<\/title>\n<meta name=\"robots\" content=\"index, follow, max-snippet:-1, max-image-preview:large, max-video-preview:-1\" \/>\n<link rel=\"canonical\" href=\"https:\/\/www.pitesa.es\/pt\/pagao\/\" \/>\n<meta property=\"og:locale\" content=\"pt_PT\" \/>\n<meta property=\"og:type\" content=\"article\" \/>\n<meta property=\"og:title\" content=\"Pagran - PITESA\" \/>\n<meta property=\"og:description\" content=\"PAGRAN Materia prima para alimentaci\u00f3n animal Paja de cereales Hidrolizada con NaOH Ingredientes Paja de Cereal (Cebada o Trigo) Tratamiento Trituraci\u00f3n y granulaci\u00f3n. Composici\u00f3n Anal\u00edtica DETERMINACI\u00d3N VALORES Materia Seca 83,00% &#8211; 91,00% Humedad 7,00% &#8211; 9% Prote\u00edna Bruta 3,50% &#8211; 4% Materia Grasa MAX. 1,50% Fibra Bruta 30,00% &#8211; 40 % Cenizas 6,00% &#8211; 6,5 [&hellip;]\" \/>\n<meta property=\"og:url\" content=\"https:\/\/www.pitesa.es\/pt\/pagao\/\" \/>\n<meta property=\"og:site_name\" content=\"PITESA\" \/>\n<meta property=\"article:modified_time\" content=\"2025-10-28T12:10:48+00:00\" \/>\n<meta property=\"og:image\" content=\"https:\/\/www.pitesa.es\/wp-content\/uploads\/2025\/10\/PAGRAN-PAJA-PITESA.jpg\" \/>\n\t<meta property=\"og:image:width\" content=\"1000\" \/>\n\t<meta property=\"og:image:height\" content=\"750\" \/>\n\t<meta property=\"og:image:type\" content=\"image\/jpeg\" \/>\n<meta name=\"twitter:card\" content=\"summary_large_image\" \/>\n<script type=\"application\/ld+json\" class=\"yoast-schema-graph\">{\"@context\":\"https:\\\/\\\/schema.org\",\"@graph\":[{\"@type\":\"WebPage\",\"@id\":\"https:\\\/\\\/www.pitesa.es\\\/pagran\\\/\",\"url\":\"https:\\\/\\\/www.pitesa.es\\\/pagran\\\/\",\"name\":\"Pagran - PITESA\",\"isPartOf\":{\"@id\":\"https:\\\/\\\/www.pitesa.es\\\/#website\"},\"primaryImageOfPage\":{\"@id\":\"https:\\\/\\\/www.pitesa.es\\\/pagran\\\/#primaryimage\"},\"image\":{\"@id\":\"https:\\\/\\\/www.pitesa.es\\\/pagran\\\/#primaryimage\"},\"thumbnailUrl\":\"https:\\\/\\\/www.pitesa.es\\\/wp-content\\\/uploads\\\/2025\\\/10\\\/PAGRAN-PAJA-PITESA.jpg\",\"datePublished\":\"2025-09-09T10:36:35+00:00\",\"dateModified\":\"2025-10-28T12:10:48+00:00\",\"breadcrumb\":{\"@id\":\"https:\\\/\\\/www.pitesa.es\\\/pagran\\\/#breadcrumb\"},\"inLanguage\":\"pt-PT\",\"potentialAction\":[{\"@type\":\"ReadAction\",\"target\":[\"https:\\\/\\\/www.pitesa.es\\\/pagran\\\/\"]}]},{\"@type\":\"ImageObject\",\"inLanguage\":\"pt-PT\",\"@id\":\"https:\\\/\\\/www.pitesa.es\\\/pagran\\\/#primaryimage\",\"url\":\"https:\\\/\\\/www.pitesa.es\\\/wp-content\\\/uploads\\\/2025\\\/10\\\/PAGRAN-PAJA-PITESA.jpg\",\"contentUrl\":\"https:\\\/\\\/www.pitesa.es\\\/wp-content\\\/uploads\\\/2025\\\/10\\\/PAGRAN-PAJA-PITESA.jpg\"},{\"@type\":\"BreadcrumbList\",\"@id\":\"https:\\\/\\\/www.pitesa.es\\\/pagran\\\/#breadcrumb\",\"itemListElement\":[{\"@type\":\"ListItem\",\"position\":1,\"name\":\"Portada\",\"item\":\"https:\\\/\\\/www.pitesa.es\\\/\"},{\"@type\":\"ListItem\",\"position\":2,\"name\":\"Pagran\"}]},{\"@type\":\"WebSite\",\"@id\":\"https:\\\/\\\/www.pitesa.es\\\/#website\",\"url\":\"https:\\\/\\\/www.pitesa.es\\\/\",\"name\":\"PITESA\",\"description\":\"Especialistas en Agroalimentaci\u00f3n\",\"publisher\":{\"@id\":\"https:\\\/\\\/www.pitesa.es\\\/#organization\"},\"potentialAction\":[{\"@type\":\"SearchAction\",\"target\":{\"@type\":\"EntryPoint\",\"urlTemplate\":\"https:\\\/\\\/www.pitesa.es\\\/?s={search_term_string}\"},\"query-input\":{\"@type\":\"PropertyValueSpecification\",\"valueRequired\":true,\"valueName\":\"search_term_string\"}}],\"inLanguage\":\"pt-PT\"},{\"@type\":\"Organization\",\"@id\":\"https:\\\/\\\/www.pitesa.es\\\/#organization\",\"name\":\"PITESA\",\"url\":\"https:\\\/\\\/www.pitesa.es\\\/\",\"logo\":{\"@type\":\"ImageObject\",\"inLanguage\":\"pt-PT\",\"@id\":\"https:\\\/\\\/www.pitesa.es\\\/#\\\/schema\\\/logo\\\/image\\\/\",\"url\":\"https:\\\/\\\/www.pitesa.es\\\/wp-content\\\/uploads\\\/2025\\\/11\\\/logo-pitesa-h-c@2x-scaled.png\",\"contentUrl\":\"https:\\\/\\\/www.pitesa.es\\\/wp-content\\\/uploads\\\/2025\\\/11\\\/logo-pitesa-h-c@2x-scaled.png\",\"width\":2560,\"height\":765,\"caption\":\"PITESA\"},\"image\":{\"@id\":\"https:\\\/\\\/www.pitesa.es\\\/#\\\/schema\\\/logo\\\/image\\\/\"}}]}<\/script>\n<!-- \/ Yoast SEO plugin. -->","yoast_head_json":{"title":"Pagran - PITESA","robots":{"index":"index","follow":"follow","max-snippet":"max-snippet:-1","max-image-preview":"max-image-preview:large","max-video-preview":"max-video-preview:-1"},"canonical":"https:\/\/www.pitesa.es\/pt\/pagao\/","og_locale":"pt_PT","og_type":"article","og_title":"Pagran - PITESA","og_description":"PAGRAN Materia prima para alimentaci\u00f3n animal Paja de cereales Hidrolizada con NaOH Ingredientes Paja de Cereal (Cebada o Trigo) Tratamiento Trituraci\u00f3n y granulaci\u00f3n. Composici\u00f3n Anal\u00edtica DETERMINACI\u00d3N VALORES Materia Seca 83,00% &#8211; 91,00% Humedad 7,00% &#8211; 9% Prote\u00edna Bruta 3,50% &#8211; 4% Materia Grasa MAX. 1,50% Fibra Bruta 30,00% &#8211; 40 % Cenizas 6,00% &#8211; 6,5 [&hellip;]","og_url":"https:\/\/www.pitesa.es\/pt\/pagao\/","og_site_name":"PITESA","article_modified_time":"2025-10-28T12:10:48+00:00","og_image":[{"width":1000,"height":750,"url":"https:\/\/www.pitesa.es\/wp-content\/uploads\/2025\/10\/PAGRAN-PAJA-PITESA.jpg","type":"image\/jpeg"}],"twitter_card":"summary_large_image","schema":{"@context":"https:\/\/schema.org","@graph":[{"@type":"WebPage","@id":"https:\/\/www.pitesa.es\/pagran\/","url":"https:\/\/www.pitesa.es\/pagran\/","name":"Pagran - PITESA","isPartOf":{"@id":"https:\/\/www.pitesa.es\/#website"},"primaryImageOfPage":{"@id":"https:\/\/www.pitesa.es\/pagran\/#primaryimage"},"image":{"@id":"https:\/\/www.pitesa.es\/pagran\/#primaryimage"},"thumbnailUrl":"https:\/\/www.pitesa.es\/wp-content\/uploads\/2025\/10\/PAGRAN-PAJA-PITESA.jpg","datePublished":"2025-09-09T10:36:35+00:00","dateModified":"2025-10-28T12:10:48+00:00","breadcrumb":{"@id":"https:\/\/www.pitesa.es\/pagran\/#breadcrumb"},"inLanguage":"pt-PT","potentialAction":[{"@type":"ReadAction","target":["https:\/\/www.pitesa.es\/pagran\/"]}]},{"@type":"ImageObject","inLanguage":"pt-PT","@id":"https:\/\/www.pitesa.es\/pagran\/#primaryimage","url":"https:\/\/www.pitesa.es\/wp-content\/uploads\/2025\/10\/PAGRAN-PAJA-PITESA.jpg","contentUrl":"https:\/\/www.pitesa.es\/wp-content\/uploads\/2025\/10\/PAGRAN-PAJA-PITESA.jpg"},{"@type":"BreadcrumbList","@id":"https:\/\/www.pitesa.es\/pagran\/#breadcrumb","itemListElement":[{"@type":"ListItem","position":1,"name":"Portada","item":"https:\/\/www.pitesa.es\/"},{"@type":"ListItem","position":2,"name":"Pagran"}]},{"@type":"WebSite","@id":"https:\/\/www.pitesa.es\/#website","url":"https:\/\/www.pitesa.es\/","name":"PITESA","description":"Especialistas em agroalimentar","publisher":{"@id":"https:\/\/www.pitesa.es\/#organization"},"potentialAction":[{"@type":"SearchAction","target":{"@type":"EntryPoint","urlTemplate":"https:\/\/www.pitesa.es\/?s={search_term_string}"},"query-input":{"@type":"PropertyValueSpecification","valueRequired":true,"valueName":"search_term_string"}}],"inLanguage":"pt-PT"},{"@type":"Organization","@id":"https:\/\/www.pitesa.es\/#organization","name":"PITESA","url":"https:\/\/www.pitesa.es\/","logo":{"@type":"ImageObject","inLanguage":"pt-PT","@id":"https:\/\/www.pitesa.es\/#\/schema\/logo\/image\/","url":"https:\/\/www.pitesa.es\/wp-content\/uploads\/2025\/11\/logo-pitesa-h-c@2x-scaled.png","contentUrl":"https:\/\/www.pitesa.es\/wp-content\/uploads\/2025\/11\/logo-pitesa-h-c@2x-scaled.png","width":2560,"height":765,"caption":"PITESA"},"image":{"@id":"https:\/\/www.pitesa.es\/#\/schema\/logo\/image\/"}}]}},"_links":{"self":[{"href":"https:\/\/www.pitesa.es\/pt\/wp-json\/wp\/v2\/pages\/171","targetHints":{"allow":["GET"]}}],"collection":[{"href":"https:\/\/www.pitesa.es\/pt\/wp-json\/wp\/v2\/pages"}],"about":[{"href":"https:\/\/www.pitesa.es\/pt\/wp-json\/wp\/v2\/types\/page"}],"author":[{"embeddable":true,"href":"https:\/\/www.pitesa.es\/pt\/wp-json\/wp\/v2\/users\/1"}],"replies":[{"embeddable":true,"href":"https:\/\/www.pitesa.es\/pt\/wp-json\/wp\/v2\/comments?post=171"}],"version-history":[{"count":7,"href":"https:\/\/www.pitesa.es\/pt\/wp-json\/wp\/v2\/pages\/171\/revisions"}],"predecessor-version":[{"id":889,"href":"https:\/\/www.pitesa.es\/pt\/wp-json\/wp\/v2\/pages\/171\/revisions\/889"}],"wp:attachment":[{"href":"https:\/\/www.pitesa.es\/pt\/wp-json\/wp\/v2\/media?parent=171"}],"curies":[{"name":"wp","href":"https:\/\/api.w.org\/{rel}","templated":true}]}}